{"id":11,"date":"2013-01-03T17:28:12","date_gmt":"2013-01-03T15:28:12","guid":{"rendered":"http:\/\/ps-projektsachwert.de\/dev\/?page_id=11"},"modified":"2013-03-04T15:22:52","modified_gmt":"2013-03-04T13:22:52","slug":"uber-uns","status":"publish","type":"page","link":"https:\/\/ps-projektsachwert.de\/?page_id=11","title":{"rendered":"\u00dcber uns"},"content":{"rendered":"<div class=\"title\"><h2>+ individuell\u00a0+ hilfsbereit\u00a0+ kompetent\u00a0+ vielseitig +<\/h2><\/div>\n<div class=\"title\"><h3>Anspruch<\/h3><\/div>\nMiteinander statt Gegeneinander<\/p>\n<p>Die PS Projekt Sachwert GmbH steht f\u00fcr partnerschaftliches Miteinander anstelle von l\u00e4hmendem Konkurrenzdenken. Das kommt nicht zuletzt in der Ma\u00dfst\u00e4blichkeit unserer Projekte zum Ausdruck, die gro\u00df genug sind, um einen positiven Impuls vor Ort zu setzen. Vertrauen Sie uns, wir finden das richtige Ma\u00df \u2013 mit kreativem Gesp\u00fcr und gro\u00dfer<br \/>\nErfahrung.<\/p>\n<div class=\"title\"><h3>Basis<\/h3><\/div>\nDer gesch\u00e4ftsf\u00fchrende Gesellschafter der PS Projekt Sachwert GmbH,<br \/>\nDipl. Ing. (FH), Architekt, J\u00fcrgen Franz ist seit vielen Jahren<br \/>\nals Initiator komplexer Immobilienvorhaben t\u00e4tig.<\/p>\n<p>In verantwortlicher Position haben wir eine Vielzahl von Immobilienprojekten begleitet und zu einem erfolgreichen Abschluss gebracht. Wir sind begeistert von dem, was wir tun, und stehen Ihnen pers\u00f6nlich als Ansprechpartner w\u00e4hrend der gesamten Projektentwicklungsphase und auch dar\u00fcber hinaus zur Verf\u00fcgung.<\/p>\n<div class=\"title\"><h3>Philosophie<\/h3><\/div>\nAm Anfang steht die Idee zum Projekt. Am Ende steht die Verwertung. Der Weg dazwischen ist vorerst unbestimmt.<\/p>\n<p>Eine vorherige Definition aller Parameter, Architektur und Technik einerseits und Wirtschaft andererseits, bildet die Au\u00dfenwand, das geltende Dach und die beide verbindende Klammer den Tunnel durch den Nebel.<br \/>\nDas Projektmanagement beschreibt den Weg durch den Tunnel.<\/p>\n<p>Die Entwicklung von Immobilien ist vielschichtig. Die verschiedene Nutzung von Immobilien bedingt unterschiedliche Stadien bei der Projektentwicklung.<br \/>\nJedoch ist den Entwicklungen bei allen Unterschieden gemein:<\/p>\n<p>Das Streben nach dem nachhaltigen Ergebnis entsprechend den standortbedingten Vorraussetzungen.<\/p>\n<p>Zur Entwicklung von Immobilienprojekten stellen wir aus unserem Netzwerk das auf Ihre Aufgabe zugeschnittene Projektteam zusammen. Als unser Kunde arbeiten Sie hingegen mit nur einem kompetenten Ansprechpartner.<\/p>\n<p>Das interdisziplin\u00e4re erfahrene Team erbringt die erforderlichen Leistungen stets mit dem Blick auf das Gesamtergebnis. Das Ergebnis der Projektentwicklung entspricht somit dem technischen, rechtlichen und wirtschaftlichen Optimum. Bei Wohn-, B\u00fcro- und oder Spezialimmobilien im Bestand oder Neubau.<\/p>\n<div class=\"title\"><h3>Planspiele<\/h3><\/div>\nNicht nur an das Heute denken, sondern auch an das Morgen. Mit Blick f\u00fcr die Zukunft, schaffen wir aus unserem Netzwerk heraus neue M\u00f6glichkeiten der gemeinsamen und nachhaltigen Nutzung der zuk\u00fcnftigen Geb\u00e4ude.<br \/>\nIm Sandkasten experimentieren wir gemeinsam, welche M\u00f6glichkeiten es f\u00fcr die Zukunft schon heute geben k\u00f6nnte.<\/p>\n<div class=\"title\"><h3>Fokus Mensch<\/h3><\/div>\nDie wachsende Anzahl \u00e4lterer Menschen innerhalb der Bev\u00f6lkerung, das Schrumpfen der Familien mit Kindern und die steigende Anzahl der Alleinlebenden all diese Faktoren sind mit entscheidend, wenn wir von Sanierungen oder den Um- und Neubau von Wohnh\u00e4usern sprechen.<br \/>\nWohnr\u00e4ume bedeuten auch Lebensraum.<br \/>\nZuhause bedeutet ankommen, wohlf\u00fchlen, leben.<\/p>\n<div class=\"title\"><h3>Nachnutzung<\/h3><\/div>\nMit den heute verwendeten Materialien setzen wir den Grundstein f\u00fcr das Morgen.<br \/>\nWas nutzen D\u00e4mmungen, die heute g\u00fcnstig erscheinen, sp\u00e4ter aber kostenintensiv und schwer entsorgbar sind? Sollten wir nicht daher, auch mit Blick auf die zuk\u00fcnftigen Generationen, heute schon an das morgen denken?<\/p>\n<div class=\"title\"><h3>Versorgungsm\u00f6glichkeiten<\/h3><\/div>\nSchon heute steigen die Mieten in absurde H\u00f6hen.<br \/>\nJedoch sind Mietpreise nicht ausschlaggebend, sondern die Nebenkosten.<br \/>\nWarum setzen wir daher nicht auf neue Alternativen, statt weiter teuer zu bezahlen?<br \/>\nModerne Technik erlaubt es uns, die Nebenkosten auf ein Minimum zu senken.<\/p>\n","protected":false},"excerpt":{"rendered":"<p>Miteinander statt Gegeneinander Die PS Projekt Sachwert GmbH steht f\u00fcr partnerschaftliches Miteinander anstelle von l\u00e4hmendem Konkurrenzdenken. Das kommt nicht zuletzt in der Ma\u00dfst\u00e4blichkeit unserer Projekte zum Ausdruck, die gro\u00df genug sind, um einen positiven Impuls vor Ort zu setzen. Vertrauen Sie uns, wir finden das richtige Ma\u00df \u2013 mit kreativem Gesp\u00fcr und gro\u00dfer Erfahrung. Der gesch\u00e4ftsf\u00fchrende Gesellschafter der PS Projekt Sachwert GmbH, Dipl. Ing. (FH), Architekt, J\u00fcrgen Franz ist seit vielen Jahren als Initiator komplexer Immobilienvorhaben t\u00e4tig. In verantwortlicher Position haben wir eine Vielzahl von Immobilienprojekten begleitet und zu einem erfolgreichen Abschluss gebracht. Wir sind begeistert von dem, was wir tun, und stehen Ihnen pers\u00f6nlich als Ansprechpartner w\u00e4hrend der gesamten Projektentwicklungsphase und auch dar\u00fcber hinaus zur Verf\u00fcgung. Am Anfang steht die Idee zum Projekt. Am Ende steht die Verwertung. Der Weg dazwischen ist vorerst unbestimmt. Eine vorherige Definition aller Parameter, Architektur und Technik einerseits und Wirtschaft andererseits, bildet die Au\u00dfenwand, das geltende Dach und die beide verbindende Klammer den Tunnel durch den Nebel. Das Projektmanagement beschreibt den Weg durch den Tunnel. Die Entwicklung von Immobilien ist vielschichtig. Die verschiedene Nutzung von Immobilien bedingt unterschiedliche Stadien bei der Projektentwicklung. Jedoch ist den Entwicklungen bei allen Unterschieden gemein: Das Streben nach dem nachhaltigen Ergebnis entsprechend den standortbedingten Vorraussetzungen. Zur Entwicklung von Immobilienprojekten stellen wir aus unserem Netzwerk das auf Ihre Aufgabe zugeschnittene Projektteam zusammen. Als unser Kunde arbeiten Sie hingegen mit nur einem kompetenten Ansprechpartner. Das interdisziplin\u00e4re erfahrene Team erbringt die erforderlichen Leistungen stets mit dem Blick auf das Gesamtergebnis. Das Ergebnis der Projektentwicklung entspricht somit dem technischen, rechtlichen und wirtschaftlichen Optimum. Bei Wohn-, B\u00fcro- und oder Spezialimmobilien im Bestand oder Neubau. Nicht nur an das Heute denken, sondern auch an das Morgen. Mit Blick f\u00fcr die [&hellip;]<\/p>\n","protected":false},"author":3,"featured_media":0,"parent":0,"menu_order":0,"comment_status":"open","ping_status":"open","template":"full-width.php","meta":[],"_links":{"self":[{"href":"https:\/\/ps-projektsachwert.de\/index.php?rest_route=\/wp\/v2\/pages\/11"}],"collection":[{"href":"https:\/\/ps-projektsachwert.de\/index.php?rest_route=\/wp\/v2\/pages"}],"about":[{"href":"https:\/\/ps-projektsachwert.de\/index.php?rest_route=\/wp\/v2\/types\/page"}],"author":[{"embeddable":true,"href":"https:\/\/ps-projektsachwert.de\/index.php?rest_route=\/wp\/v2\/users\/3"}],"replies":[{"embeddable":true,"href":"https:\/\/ps-projektsachwert.de\/index.php?rest_route=%2Fwp%2Fv2%2Fcomments&post=11"}],"version-history":[{"count":27,"href":"https:\/\/ps-projektsachwert.de\/index.php?rest_route=\/wp\/v2\/pages\/11\/revisions"}],"predecessor-version":[{"id":209,"href":"https:\/\/ps-projektsachwert.de\/index.php?rest_route=\/wp\/v2\/pages\/11\/revisions\/209"}],"wp:attachment":[{"href":"https:\/\/ps-projektsachwert.de\/index.php?rest_route=%2Fwp%2Fv2%2Fmedia&parent=11"}],"curies":[{"name":"wp","href":"https:\/\/api.w.org\/{rel}","templated":true}]}}