{"id":171,"date":"2013-02-27T17:25:08","date_gmt":"2013-02-27T15:25:08","guid":{"rendered":"http:\/\/ps-projektsachwert.de\/dev\/?page_id=171"},"modified":"2013-04-10T16:34:11","modified_gmt":"2013-04-10T14:34:11","slug":"konversion","status":"publish","type":"page","link":"https:\/\/ps-projektsachwert.de\/?page_id=171","title":{"rendered":"Konversion"},"content":{"rendered":"<div class=\"title\"><h2>Chancen f\u00fcr St\u00e4dte \u2013 Konversion und Sanierung als neue Dimension. Den Strukturwandel von Liegenschaften und Immobilien aktiv gestalten.<\/h2><\/div>\nWir sind Konversions-Spezialisten. Unsere Erfahrung \u2013 Ihr Vorteil.<br \/>\nLeistungen durch das Netzwerk der PS Projektsachwert GmbH<\/p>\n<ul>\n<li>Analyse<\/li>\n<li>Entwicklung st\u00e4dtebauliches Konzept<\/li>\n<li>Entwicklung Nutzungskonzept<\/li>\n<li>Entwicklung wirtschaftliches Konzept*<\/li>\n<li>Fixierung rechtlicher Rahmenbedingungen*<\/li>\n<li>Kl\u00e4rung F\u00f6rdermittel*<\/li>\n<li>Vermarktungs- und Marketing-Konzept<\/li>\n<li>Finanzierung*<\/li>\n<li>Umsetzung\/Realisierung*<\/li>\n<li>Verkauf und Vermietung<\/li>\n<\/ul>\n<p>*( in Kooperation mit unseren Partnern )<\/p>\n<div class=\"title\"><h2>\u00d6ffentlich-private Partnerschaften<\/h2><\/div>\n<p>Das Ziel der \u00f6ffentlich-privaten Partnerschaft (engl. Public-Private Partnership) ist es, die langfristige, vertraglich geregelte Zusammenarbeit von \u00f6ffentlicher Hand und Privatwirtschaft zu f\u00f6rdern. Zu diesem Zweck werden \u00f6ffentliche Aufgaben in die H\u00e4nde privater Auftragnehmer gelegt, die Planung, Finanzierung, Bau und Betrieb der Immobilie \u00fcber den gesamten Lebenszyklus eigenverantwortlich \u00fcbernehmen. Als anschlie\u00dfende Abnehmer der Immobilie fungieren Staat, St\u00e4dte oder Kommunen, die f\u00fcr die Nutzung ein festgesetztes Entgelt bezahlen. Dieses erm\u00f6glicht dem privaten Vertragspartner, seine Kosten zu decken.<br \/>\nDie Zusammenarbeit mit privaten Unternehmen f\u00fchrt zu einer Optimierung von Planung und Bau der Immobilie. Die \u00dcbernahme des Betriebs durch den privaten Vertragspartner hat durch die vorangehenden Wirtschaftlichkeitsanalysen eine effektivere Nutzung mit geringeren Bewirtschaftungskosten zur Folge.<\/p>\n<div class=\"title\"><h2>Energiedienstleistung \/ Contracting<\/h2><\/div>\n<p>Contracting-Unternehmen haben die technische und wirtschaftliche Kompetenz, die Potentiale anspruchsvoller Anlagentechnik zu erschlie\u00dfen. Energiecontracting ist der<br \/>\nSchl\u00fcssel f\u00fcr die erfolgreiche Umsetzung der gesetzlichen Vorgaben zur Steigerung der<br \/>\nEnergieeffizienz und des Einsatzes Erneuerbarer Energien.<\/p>\n","protected":false},"excerpt":{"rendered":"<p>Wir sind Konversions-Spezialisten. Unsere Erfahrung \u2013 Ihr Vorteil. Leistungen durch das Netzwerk der PS Projektsachwert GmbH Analyse Entwicklung st\u00e4dtebauliches Konzept Entwicklung Nutzungskonzept Entwicklung wirtschaftliches Konzept* Fixierung rechtlicher Rahmenbedingungen* Kl\u00e4rung F\u00f6rdermittel* Vermarktungs- und Marketing-Konzept Finanzierung* Umsetzung\/Realisierung* Verkauf und Vermietung *( in Kooperation mit unseren Partnern ) Das Ziel der \u00f6ffentlich-privaten Partnerschaft (engl. Public-Private Partnership) ist es, die langfristige, vertraglich geregelte Zusammenarbeit von \u00f6ffentlicher Hand und Privatwirtschaft zu f\u00f6rdern. Zu diesem Zweck werden \u00f6ffentliche Aufgaben in die H\u00e4nde privater Auftragnehmer gelegt, die Planung, Finanzierung, Bau und Betrieb der Immobilie \u00fcber den gesamten Lebenszyklus eigenverantwortlich \u00fcbernehmen. Als anschlie\u00dfende Abnehmer der Immobilie fungieren Staat, St\u00e4dte oder Kommunen, die f\u00fcr die Nutzung ein festgesetztes Entgelt bezahlen. Dieses erm\u00f6glicht dem privaten Vertragspartner, seine Kosten zu decken. Die Zusammenarbeit mit privaten Unternehmen f\u00fchrt zu einer Optimierung von Planung und Bau der Immobilie. Die \u00dcbernahme des Betriebs durch den privaten Vertragspartner hat durch die vorangehenden Wirtschaftlichkeitsanalysen eine effektivere Nutzung mit geringeren Bewirtschaftungskosten zur Folge. Contracting-Unternehmen haben die technische und wirtschaftliche Kompetenz, die Potentiale anspruchsvoller Anlagentechnik zu erschlie\u00dfen. Energiecontracting ist der Schl\u00fcssel f\u00fcr die erfolgreiche Umsetzung der gesetzlichen Vorgaben zur Steigerung der Energieeffizienz und des Einsatzes Erneuerbarer Energien.<\/p>\n","protected":false},"author":3,"featured_media":0,"parent":0,"menu_order":0,"comment_status":"closed","ping_status":"closed","template":"full-width.php","meta":[],"_links":{"self":[{"href":"https:\/\/ps-projektsachwert.de\/index.php?rest_route=\/wp\/v2\/pages\/171"}],"collection":[{"href":"https:\/\/ps-projektsachwert.de\/index.php?rest_route=\/wp\/v2\/pages"}],"about":[{"href":"https:\/\/ps-projektsachwert.de\/index.php?rest_route=\/wp\/v2\/types\/page"}],"author":[{"embeddable":true,"href":"https:\/\/ps-projektsachwert.de\/index.php?rest_route=\/wp\/v2\/users\/3"}],"replies":[{"embeddable":true,"href":"https:\/\/ps-projektsachwert.de\/index.php?rest_route=%2Fwp%2Fv2%2Fcomments&post=171"}],"version-history":[{"count":8,"href":"https:\/\/ps-projektsachwert.de\/index.php?rest_route=\/wp\/v2\/pages\/171\/revisions"}],"predecessor-version":[{"id":202,"href":"https:\/\/ps-projektsachwert.de\/index.php?rest_route=\/wp\/v2\/pages\/171\/revisions\/202"}],"wp:attachment":[{"href":"https:\/\/ps-projektsachwert.de\/index.php?rest_route=%2Fwp%2Fv2%2Fmedia&parent=171"}],"curies":[{"name":"wp","href":"https:\/\/api.w.org\/{rel}","templated":true}]}}