{"id":176,"date":"2013-02-27T17:28:03","date_gmt":"2013-02-27T15:28:03","guid":{"rendered":"http:\/\/ps-projektsachwert.de\/dev\/?page_id=176"},"modified":"2013-04-25T15:49:19","modified_gmt":"2013-04-25T13:49:19","slug":"partnerschaft","status":"publish","type":"page","link":"https:\/\/ps-projektsachwert.de\/?page_id=176","title":{"rendered":"Partnerschaft"},"content":{"rendered":"<div class=\"title\"><h3>Netzwerk<\/h3><\/div>\n<p>Mit unseren Kenntnissen und Strategien und denen unserer Netzwerkplaner gew\u00e4hrleisten wir, richtige Entscheidungen zu treffen und zielorientiertes Handeln zu f\u00f6rdern. Eine Partnerschaft ist in unserem Sinne eine gleichwertige Gemeinschaft von mehreren Parteien zu Ihrem Nutzen und Vorteil.<\/p>\n<p>Ziel unserer Arbeit ist es, Ihnen als unseren Kunden den gr\u00f6\u00dften Nutzen zu bringen. Durch die L\u00f6sung Ihrer Problemstellung sichern und steigern wir Ihren Erfolg.<\/p>\n<div class=\"title\"><h3>Partnerschaften<\/h3><\/div>\n<p><strong>Planung \/ Umsetzung<\/strong><\/p>\n<p><a href=\"http:\/\/www.lhoch2.de\/\">www.lhoch2.de<\/a><\/p>\n<p><a href=\"http:\/\/www.aw-systemhaus.de\/\">www.aw-systemhaus.de<\/a><\/p>\n<p><a href=\"http:\/\/www.baumev.de\/\">www.baumev.de<\/a><\/p>\n<p><a href=\"http:\/\/www.energiecontracting.de\/\">www.energiecontracting.de<\/a><\/p>\n<p><strong>Recht<\/strong><\/p>\n<p><a href=\"http:\/\/www.sf-partner.de\/\">www.sf-partner.de<\/a><\/p>\n<p><a href=\"http:\/\/www.vdb-gmbh-insolvenz.de\/\">www.vdb-gmbh-insolvenz.de<\/a><\/p>\n<p><a href=\"http:\/\/www.osborneclarke.de\/\">www.osborneclarke.de<\/a><\/p>\n","protected":false},"excerpt":{"rendered":"<p>Mit unseren Kenntnissen und Strategien und denen unserer Netzwerkplaner gew\u00e4hrleisten wir, richtige Entscheidungen zu treffen und zielorientiertes Handeln zu f\u00f6rdern. Eine Partnerschaft ist in unserem Sinne eine gleichwertige Gemeinschaft von mehreren Parteien zu Ihrem Nutzen und Vorteil. Ziel unserer Arbeit ist es, Ihnen als unseren Kunden den gr\u00f6\u00dften Nutzen zu bringen. Durch die L\u00f6sung Ihrer Problemstellung sichern und steigern wir Ihren Erfolg. Planung \/ Umsetzung www.lhoch2.de www.aw-systemhaus.de www.baumev.de www.energiecontracting.de Recht www.sf-partner.de www.vdb-gmbh-insolvenz.de www.osborneclarke.de<\/p>\n","protected":false},"author":3,"featured_media":0,"parent":0,"menu_order":0,"comment_status":"closed","ping_status":"closed","template":"full-width.php","meta":[],"_links":{"self":[{"href":"https:\/\/ps-projektsachwert.de\/index.php?rest_route=\/wp\/v2\/pages\/176"}],"collection":[{"href":"https:\/\/ps-projektsachwert.de\/index.php?rest_route=\/wp\/v2\/pages"}],"about":[{"href":"https:\/\/ps-projektsachwert.de\/index.php?rest_route=\/wp\/v2\/types\/page"}],"author":[{"embeddable":true,"href":"https:\/\/ps-projektsachwert.de\/index.php?rest_route=\/wp\/v2\/users\/3"}],"replies":[{"embeddable":true,"href":"https:\/\/ps-projektsachwert.de\/index.php?rest_route=%2Fwp%2Fv2%2Fcomments&post=176"}],"version-history":[{"count":6,"href":"https:\/\/ps-projektsachwert.de\/index.php?rest_route=\/wp\/v2\/pages\/176\/revisions"}],"predecessor-version":[{"id":290,"href":"https:\/\/ps-projektsachwert.de\/index.php?rest_route=\/wp\/v2\/pages\/176\/revisions\/290"}],"wp:attachment":[{"href":"https:\/\/ps-projektsachwert.de\/index.php?rest_route=%2Fwp%2Fv2%2Fmedia&parent=176"}],"curies":[{"name":"wp","href":"https:\/\/api.w.org\/{rel}","templated":true}]}}