{"id":41,"date":"2013-01-05T17:42:54","date_gmt":"2013-01-05T15:42:54","guid":{"rendered":"http:\/\/ps-projektsachwert.de\/dev\/?page_id=41"},"modified":"2013-04-10T16:42:39","modified_gmt":"2013-04-10T14:42:39","slug":"ankauf","status":"publish","type":"page","link":"https:\/\/ps-projektsachwert.de\/?page_id=41","title":{"rendered":"Ankauf"},"content":{"rendered":"<div class=\"title\"><h4>IHR OBJEKTTIPP \u2013 SOLL SICH LOHNEN!<\/h4><\/div>\nEs werden Objekte aus einem Umkreis von ca. 50 km um Stuttgart herum gesucht.<br \/>\nF\u00fcr unbekannte Objekte erhalten Sie im Erfolgsfall (nach Verkauf des Objektes und Zahlung der Maklercourtage) 10% aus der Netto-Vermittlungsprovision.<br \/>\nIhren Tipp wir selbstverst\u00e4ndlich diskret und anonym behandelt.<br \/>\nSie erhalten eine Kopie Ihres Tipps und unsere Stellungnahme an Ihre E-Mail Adresse ob uns Ihr Tipp bereits bekannt ist.<br \/>\n<strong>Interesse? Dann senden Sie uns Ihren Tipp!<\/strong><\/p>\n<div id=\"iphorm-outer-69e1300cc298e\" class=\"iphorm-outer iphorm-outer-2 iphorm-uniform-theme-default\" >\n    <script type=\"text\/javascript\">\n\t<!--\n\t\t    jQuery(document).ready(function($) {\n\t\t\t\n        \t$('#iphorm-69e1300cc298e').iPhorm({\"id\":2,\"uniqueId\":\"69e1300cc298e\",\"PHPSESSID\":\"rvmmbd0vso9o6lfar0qgfg22j7\",\"useAjax\":true,\"successMessageTimeout\":10,\"clElementIds\":[],\"clDependentElementIds\":[],\"centerFancybox\":true,\"centerFancyboxSpeed\":true});\n\n\t        \t        if ($.isFunction($.fn.qtip)) {\n\t            $('.iphorm-tooltip-hover', iPhorm.instance.$form).qtip({\n\t                style: {\n\t                    classes: 'ui-tooltip-plain ui-tooltip-shadow'\n\t                },\n\t                position: {\n\t                    my: 'left center',\n\t                    at: 'right center'\n\t                }\n\t            });\n\t            $('.iphorm-tooltip-click', iPhorm.instance.$form).qtip({\n\t                style: {\n\t                    classes: 'ui-tooltip-plain ui-tooltip-shadow'\n\t                },\n\t                position: {\n\t                    my: 'left center',\n\t                    at: 'right center'\n\t                },\n\t                show: {\n\t                    event: 'focus'\n\t                },\n\t                hide: {\n\t                    event: 'unfocus'\n\t                }\n\t            });\n\t            $('.iphorm-tooltip-icon-hover', iPhorm.instance.$form).qtip({\n\t                style: {\n\t                    classes: 'ui-tooltip-plain ui-tooltip-shadow'\n\t                },\n\t                position: {\n\t                    my: 'left center',\n\t                    at: 'right center'\n\t                },\n\t                content: {\n\t                    text: function (api) {\n\t                        return $(this).find('.iphorm-tooltip-icon-content').html();\n\t                    }\n\t                }\n\t            });\n\t            $('.iphorm-tooltip-icon-click', iPhorm.instance.$form).qtip({\n\t                style: {\n\t                    classes: 'ui-tooltip-plain ui-tooltip-shadow'\n\t                },\n\t                position: {\n\t                    my: 'left center',\n\t                    at: 'right center'\n\t                },\n\t                show: {\n\t                    event: 'click'\n\t                },\n\t                hide: {\n\t                    event: 'unfocus'\n\t                },\n\t                content: {\n\t                    text: function (api) {\n\t                        return $(this).find('.iphorm-tooltip-icon-content').html();\n\t                    }\n\t                }\n\t            });\n\t            $('.iphorm-labels-inside > .iphorm-element-spacer > label').hover(function () {\n\t                $(this).siblings('.iphorm-input-wrap').find('.iphorm-tooltip-hover').qtip('show');\n\t            }, function () {\n\t            \t$(this).siblings('.iphorm-input-wrap').find('.iphorm-tooltip-hover').qtip('hide');\n\t            });\n\t        }\n\t        \n\t        \t        if ($.isFunction($.fn.uniform)) {\n\t            $('select, input:checkbox, input:radio', iPhorm.instance.$form).uniform({context: iPhorm.instance.$form});\n\t        }\n\t        \n\t        if ($.isFunction($.fn.inFieldLabels)) {\n\t            $('.iphorm-labels-inside:not(.iphorm-element-wrap-recaptcha) > .iphorm-element-spacer > label', iPhorm.instance.$form).inFieldLabels();\n\t        }\n\n\t        \n\t        $('.iphorm-group-row > div:last-child:not(:first-child)', iPhorm.instance.$form).add('.iphorm-group-row:last-child', iPhorm.instance.$form).addClass('last-child');\n\n\t        \t    }); \/\/ end document.ready()\n\t\/\/-->\n\t<\/script>\n    <form id=\"iphorm-69e1300cc298e\" class=\"iphorm iphorm-form-2\" action=\"\/index.php?rest_route=%2Fwp%2Fv2%2Fpages%2F41#iphorm-69e1300cc298e\" method=\"post\" enctype=\"multipart\/form-data\">\n        <div class=\"iphorm-inner iphorm-inner-2\" >\n            <input type=\"hidden\" name=\"iphorm_id\" value=\"2\" \/>\n            <input type=\"hidden\" name=\"iphorm_uid\" value=\"69e1300cc298e\" \/>\n            <input type=\"hidden\" name=\"form_url\" value=\"https:\/\/ps-projektsachwert.de\/index.php?rest_route=%2Fwp%2Fv2%2Fpages%2F41\" \/>\n            <input type=\"hidden\" name=\"referring_url\" value=\"\" \/>\n            <input type=\"hidden\" name=\"post_id\" value=\"\" \/>\n            <input type=\"hidden\" name=\"post_title\" value=\"\" \/>\n                                                \t            \t\t<div class=\"iphorm-success-message iphorm-hidden\" ><\/div>\n            \t                        <div class=\"iphorm-elements iphorm-elements-2 iphorm-clearfix\" >\n                <div class=\"iphorm-element-wrap iphorm-element-wrap-text iphorm_2_1-element-wrap iphorm-clearfix iphorm-labels-above iphorm-element-required\" >\n    <div class=\"iphorm-element-spacer iphorm-element-spacer-text iphorm_2_1-element-spacer\">\n                    <label for=\"iphorm_2_1_69e1300cc298e\" >\n                Ihr Name                                    <span class=\"iphorm-required\">(Pflichtfeld)<\/span>\n                                            <\/label>\n                <div class=\"iphorm-input-wrap iphorm-input-wrap-text iphorm_2_1-input-wrap\" >\n            <input class=\"iphorm-element-text  iphorm_2_1\" id=\"iphorm_2_1_69e1300cc298e\" type=\"text\" name=\"iphorm_2_1\"  value=\"\"  \/>\n                    <\/div>\n        <div class=\"iphorm-errors-wrap iphorm-hidden\" >\n    <\/div>    <\/div>\n    <\/div><div class=\"iphorm-element-wrap iphorm-element-wrap-text iphorm_2_2-element-wrap iphorm-clearfix iphorm-labels-above iphorm-element-required\" >\n    <div class=\"iphorm-element-spacer iphorm-element-spacer-text iphorm_2_2-element-spacer\">\n                    <label for=\"iphorm_2_2_69e1300cc298e\" >\n                E-Mail-Adresse                                    <span class=\"iphorm-required\">(Pflichtfeld)<\/span>\n                                            <\/label>\n                <div class=\"iphorm-input-wrap iphorm-input-wrap-text iphorm_2_2-input-wrap\" >\n            <input class=\"iphorm-element-text  iphorm_2_2\" id=\"iphorm_2_2_69e1300cc298e\" type=\"text\" name=\"iphorm_2_2\"  value=\"\"  \/>\n                    <\/div>\n        <div class=\"iphorm-errors-wrap iphorm-hidden\" >\n    <\/div>    <\/div>\n    <\/div><div class=\"iphorm-element-wrap iphorm-element-wrap-text iphorm_2_3-element-wrap iphorm-clearfix iphorm-labels-above iphorm-element-optional\" >\n    <div class=\"iphorm-element-spacer iphorm-element-spacer-text iphorm_2_3-element-spacer\">\n                    <label for=\"iphorm_2_3_69e1300cc298e\" >\n                Kontaktperson                                            <\/label>\n                <div class=\"iphorm-input-wrap iphorm-input-wrap-text iphorm_2_3-input-wrap\" >\n            <input class=\"iphorm-element-text  iphorm_2_3\" id=\"iphorm_2_3_69e1300cc298e\" type=\"text\" name=\"iphorm_2_3\"  value=\"\"  \/>\n                    <\/div>\n        <div class=\"iphorm-errors-wrap iphorm-hidden\" >\n    <\/div>    <\/div>\n    <\/div><div class=\"iphorm-group-wrap iphorm_2_4-group-wrap iphorm-clearfix iphorm-labels-above iphorm-group-style-plain iphorm-group-alignment-proportional\" >\n    <div class=\"iphorm-group-elements\" >\n                \t<div class=\"iphorm-group-title-description-wrap iphorm-clearfix\">\n    \t\t\t                <div class=\"iphorm-group-title\" >Immobilie<\/div>\n                                            <\/div>\n                <div class=\"iphorm-group-row iphorm-clearfix iphorm-group-row-1cols\"><div class=\"iphorm-element-wrap iphorm-element-wrap-text iphorm_2_6-element-wrap iphorm-clearfix iphorm-labels-above iphorm-element-optional\" >\n    <div class=\"iphorm-element-spacer iphorm-element-spacer-text iphorm_2_6-element-spacer\">\n                    <label for=\"iphorm_2_6_69e1300cc298e\" >\n                Standort                                            <\/label>\n                <div class=\"iphorm-input-wrap iphorm-input-wrap-text iphorm_2_6-input-wrap\" >\n            <input class=\"iphorm-element-text  iphorm_2_6\" id=\"iphorm_2_6_69e1300cc298e\" type=\"text\" name=\"iphorm_2_6\"  value=\"\"  \/>\n                    <\/div>\n        <div class=\"iphorm-errors-wrap iphorm-hidden\" >\n    <\/div>    <\/div>\n    <\/div><\/div><div class=\"iphorm-group-row iphorm-clearfix iphorm-group-row-1cols\"><div class=\"iphorm-element-wrap iphorm-element-wrap-textarea iphorm_2_7-element-wrap iphorm-clearfix iphorm-labels-above iphorm-element-optional\" >\n    <div class=\"iphorm-element-spacer iphorm-element-spacer-textarea iphorm_2_7-element-spacer\">\n                    <label for=\"iphorm_2_7_69e1300cc298e\" >\n                Informationen zur Immobilie                                            <\/label>\n                <div class=\"iphorm-input-wrap iphorm-input-wrap-textarea iphorm_2_7-input-wrap\" >\n            <textarea class=\"iphorm-element-textarea  iphorm_2_7\" id=\"iphorm_2_7_69e1300cc298e\" name=\"iphorm_2_7\"   rows=\"5\" cols=\"25\"><\/textarea>\n                    <\/div>\n        <div class=\"iphorm-errors-wrap iphorm-hidden\" >\n    <\/div>    <\/div>\n    <\/div><\/div><div class=\"iphorm-group-row iphorm-clearfix iphorm-group-row-1cols\"><div class=\"iphorm-element-wrap iphorm-element-wrap-file iphorm_2_8-element-wrap iphorm-clearfix iphorm-labels-above iphorm-element-optional\" >\n    <div class=\"iphorm-element-spacer iphorm-element-spacer-file iphorm_2_8-element-spacer\">\n                    <label >\n                Bilder Upload                                            <\/label>\n                <div class=\"iphorm-input-outer-wrap iphorm_2_8-input-outer-wrap\" >\n                                                        <div class=\"iphorm-input-wrap iphorm-input-wrap-file iphorm-clearfix iphorm_2_8-input-wrap\" >\n                            <span class=\"iphorm-element-file-inner\"><input class=\"iphorm-element-file  iphorm_2_8\" type=\"file\" name=\"iphorm_2_8[]\"  tabindex=\"-1\" \/><\/span>\n                        <\/div>\n                                                                                        <div class=\"iphorm-hidden iphorm-add-another-upload iphorm_2_8-add-another-upload iphorm-clearfix\">\n                            <span class=\"iphorm-add-another-upload-button\">weitere<\/span>\n                        <\/div>\n                        <script type=\"text\/javascript\">\n                        <!--\n                        jQuery(document).ready(function ($) {\n                            $('.iphorm_2_8-add-another-upload', iPhorm.instance.$form).show().find('span').click(function (e) {\n                                var $newFileElement = $('<div class=\"iphorm-input-wrap iphorm-input-wrap-file iphorm-clearfix iphorm_2_8-input-wrap\"><span class=\"iphorm-element-file-inner\"><input class=\"iphorm-element-file  iphorm_2_8\" type=\"file\" name=\"iphorm_2_8[]\"  tabindex=\"-1\" \/><\/span><\/div>');\n                                $('.iphorm_2_8-input-outer-wrap .iphorm-input-wrap:last').after($newFileElement);\n                                $newFileElement.addClass('iphorm-add-another-file-wrap').show();\n\n                                                                if ($.isFunction($.fn.uniform)) {\n                                    $newFileElement.find('input:file').uniform({\n                                        fileDefaultText: 'Keine Datei ausgew\u00e4hlt',\n                                        fileBtnText: 'Bl\u00e4ttern &hellip;'\n                                    });\n                                }\n                                                            });\n                        });\n                        \/\/-->\n                        <\/script>\n                                                        <script type=\"text\/javascript\">\n                <!--\n                jQuery(document).ready(function ($) {\n                    if ($.isFunction($.fn.uniform)) {\n                        $('.iphorm_2_8-element-wrap input:file', iPhorm.instance.$form).uniform({\n                            fileDefaultText: 'Keine Datei ausgew\u00e4hlt',\n                            fileBtnText: 'Bl\u00e4ttern &hellip;'\n                        });\n                    }\n                });\n                \/\/-->\n                <\/script>\n                        <script type=\"text\/javascript\">\n            <!--\n            jQuery(document).ready(function ($) {\n              \t$('.iphorm_2_8-input-wrap', iPhorm.instance.$form).show();\n            });\n            \/\/-->\n            <\/script>\n                            <div id=\"iphorm_2_8_69e1300cc298e-swfupload\" class=\"iphorm-swfupload\">\n                \t<div class=\"iphorm-clearfix\">\n                        <div id=\"iphorm_2_8_69e1300cc298e-file-queue\" class=\"iphorm-file-queue iphorm-clearfix\"><\/div>\n                        <div id=\"iphorm_2_8_69e1300cc298e-file-queue-errors\" class=\"iphorm-queue-errors iphorm-hidden\"><\/div>\n                        <div class=\"iphorm-swfupload-browse-wrap iphorm-clearfix\">\n                            <div class=\"iphorm-swfupload-browse\" id=\"iphorm_2_8_69e1300cc298e-browse\">Bl\u00e4ttern &hellip;                                <div class=\"iphorm-swfupload-object\" id=\"iphorm_2_8_69e1300cc298e-object\"><\/div>\n                            <\/div>\n                        <\/div>\n                    <\/div>\n                <\/div>\n                <script type=\"text\/javascript\">\n                <!--\n                jQuery(document).ready(function ($) {\n                    iPhorm.instance.addUploader({\n                        id: 8,\n                        name: 'iphorm_2_8',\n                        uniqueId: 'iphorm_2_8_69e1300cc298e',\n                        fileTypes: '*.jpg; *.jpeg; *.png; *.gif',\n                        fileTypesDescription: 'Erlaubte Dateien',\n                        fileSizeLimit : \"18874368B\",\n                        fileUploadLimit : 0                    });\n                });                \n                \/\/-->\n                <\/script>\n                            <p class=\"iphorm-description\" >Maximale Gr\u00f6\u00dfe 10MB<\/p>\n        <\/div>\n        <div class=\"iphorm-errors-wrap iphorm-hidden\" >\n    <\/div>    <\/div>\n<\/div>        <\/div> <!-- \/.iphorm-group-row -->\n    <\/div> <!-- \/.iphorm-group-elements -->\n<\/div> <!-- \/.iphorm-group-wrap --><div class=\"iphorm-hidden\">\n    <label>Dieses Feld sollte nicht ausgef\u00fcllt werden<input type=\"text\" name=\"iphorm_2_0\" \/><\/label>\n<\/div>                <div class=\"iphorm-submit-wrap iphorm-submit-wrap-2 iphorm-clearfix\" >\n                \t<div class=\"iphorm-submit-input-wrap iphorm-submit-input-wrap-2\" >\n                        <button class=\"iphorm-submit-element\" type=\"submit\" name=\"iphorm_submit\" ><span ><em >Absenden<\/em><\/span><\/button>\n                    <\/div>\n                    <div class=\"iphorm-loading-wrap\"><span class=\"iphorm-loading\">Bitte warten &hellip;<\/span><\/div>\n                <\/div>\n            <\/div>\n                            <div>\n                    <a href=\"http:\/\/www.themecatcher.net\/iphorm-form-builder\/buy.php\">Mit Unterst\u00fctzung von Quform (unlizenziert)<\/a>\n                <\/div>\n                                        <div class=\"iphom-upload-progress-wrap\">\n                    <div class=\"iphorm-upload-progress-bar-wrap\">\n                        <div class=\"iphorm-upload-progress-bar\"><\/div>\n                    <\/div>\n                    <div class=\"iphorm-upload-info iphorm-clearfix\">\n                        <div class=\"iphorm-upload-filename\"><\/div>\n                        <div class=\"iphorm-upload-error\"><\/div>\n                    <\/div>\n                <\/div>\n                                <\/div>\n            <\/form>\n    <script type=\"text\/javascript\">\n\t<!--\n\tjQuery('#iphorm-outer-69e1300cc298e script').remove();\n\t\/\/-->\n\t<\/script>\n<\/div>\n<p>&nbsp;<\/p>\n<div class=\"title\"><h4>NEUE PROJEKTE<\/h4><\/div>\nAufgrund unserer ausgezeichneten Kontakte in die Bautr\u00e4gerlandschaft einerseits und zu finanzstarken Kapitalpartnern andererseits ist die <strong>PS Projekt Sachwert GmbH<\/strong> in Baden W\u00fcrttemberg st\u00e4ndig auf der Suche nach geeigneten Grundst\u00fccken oder Bestandsgeb\u00e4uden mit Revitalisierungspotenzial, um neue Projekte entwickeln zu k\u00f6nnen. Unser besonderes Interesse gilt dabei den mittelgro\u00dfen St\u00e4dten.<\/p>\n<p>Anforderungsprofile als pdf zum herunterladen<\/p>\n<ul>\n<li><a href=\"http:\/\/ps-projektsachwert.de\/wp-content\/uploads\/PS-Anforderungsprofil-WOHNANLAGEN.pdf\" target=\"_blank\">Anforderungsprofil WOHNANLAGEN<\/a><\/li>\n<li><a href=\"http:\/\/ps-projektsachwert.de\/wp-content\/uploads\/PS-Anforderungsprofil-GESCHAEFTSHAEUSER.pdf\" target=\"_blank\">Anforderungsprofil GESCH\u00c4FTSH\u00c4USER<\/a><\/li>\n<li><a href=\"http:\/\/ps-projektsachwert.de\/wp-content\/uploads\/PS-Anforderungsprofil-EINKAUFSGALERIEN.pdf\" target=\"_blank\">Anforderungsprofil EINKAUFSGALERIEN<\/a><\/li>\n<li><a href=\"http:\/\/ps-projektsachwert.de\/wp-content\/uploads\/PS-Anforderungsprofil-GEWERBE.pdf\" target=\"_blank\">Anforderungsprofil GEWERBE<\/a><\/li>\n<\/ul>\n<p>Sollten Sie geeignete Objekte anbieten k\u00f6nnen, freuen wir uns \u00fcber eine Nachricht an folgende E-Mail-Adresse: <a href=\"mailto:info@ps-projektsachwert.de\" target=\"_blank\">info@ps-projektsachwert.de<\/a><\/p>\n","protected":false},"excerpt":{"rendered":"<p>Es werden Objekte aus einem Umkreis von ca. 50 km um Stuttgart herum gesucht. F\u00fcr unbekannte Objekte erhalten Sie im Erfolgsfall (nach Verkauf des Objektes und Zahlung der Maklercourtage) 10% aus der Netto-Vermittlungsprovision. Ihren Tipp wir selbstverst\u00e4ndlich diskret und anonym behandelt. Sie erhalten eine Kopie Ihres Tipps und unsere Stellungnahme an Ihre E-Mail Adresse ob uns Ihr Tipp bereits bekannt ist. Interesse? Dann senden Sie uns Ihren Tipp! &nbsp; Aufgrund unserer ausgezeichneten Kontakte in die Bautr\u00e4gerlandschaft einerseits und zu finanzstarken Kapitalpartnern andererseits ist die PS Projekt Sachwert GmbH in Baden W\u00fcrttemberg st\u00e4ndig auf der Suche nach geeigneten Grundst\u00fccken oder Bestandsgeb\u00e4uden mit Revitalisierungspotenzial, um neue Projekte entwickeln zu k\u00f6nnen. Unser besonderes Interesse gilt dabei den mittelgro\u00dfen St\u00e4dten. Anforderungsprofile als pdf zum herunterladen Anforderungsprofil WOHNANLAGEN Anforderungsprofil GESCH\u00c4FTSH\u00c4USER Anforderungsprofil EINKAUFSGALERIEN Anforderungsprofil GEWERBE Sollten Sie geeignete Objekte anbieten k\u00f6nnen, freuen wir uns \u00fcber eine Nachricht an folgende E-Mail-Adresse: info@ps-projektsachwert.de<\/p>\n","protected":false},"author":3,"featured_media":0,"parent":0,"menu_order":0,"comment_status":"closed","ping_status":"closed","template":"full-width.php","meta":[],"_links":{"self":[{"href":"https:\/\/ps-projektsachwert.de\/index.php?rest_route=\/wp\/v2\/pages\/41"}],"collection":[{"href":"https:\/\/ps-projektsachwert.de\/index.php?rest_route=\/wp\/v2\/pages"}],"about":[{"href":"https:\/\/ps-projektsachwert.de\/index.php?rest_route=\/wp\/v2\/types\/page"}],"author":[{"embeddable":true,"href":"https:\/\/ps-projektsachwert.de\/index.php?rest_route=\/wp\/v2\/users\/3"}],"replies":[{"embeddable":true,"href":"https:\/\/ps-projektsachwert.de\/index.php?rest_route=%2Fwp%2Fv2%2Fcomments&post=41"}],"version-history":[{"count":45,"href":"https:\/\/ps-projektsachwert.de\/index.php?rest_route=\/wp\/v2\/pages\/41\/revisions"}],"predecessor-version":[{"id":47,"href":"https:\/\/ps-projektsachwert.de\/index.php?rest_route=\/wp\/v2\/pages\/41\/revisions\/47"}],"wp:attachment":[{"href":"https:\/\/ps-projektsachwert.de\/index.php?rest_route=%2Fwp%2Fv2%2Fmedia&parent=41"}],"curies":[{"name":"wp","href":"https:\/\/api.w.org\/{rel}","templated":true}]}}