{"id":9,"date":"2013-01-03T17:27:49","date_gmt":"2013-01-03T15:27:49","guid":{"rendered":"http:\/\/ps-projektsachwert.de\/dev\/?page_id=9"},"modified":"2013-03-01T10:46:20","modified_gmt":"2013-03-01T08:46:20","slug":"start","status":"publish","type":"page","link":"https:\/\/ps-projektsachwert.de\/","title":{"rendered":"Start"},"content":{"rendered":"<section class=\"reading-box\"><h2>Gemeinsam neue Werte schaffen<\/h2><p>Naturgem\u00e4\u00df m\u00f6chte jeder \u2013 ob Kommune, St\u00e4dteplaner, B\u00fcrger \/ Anwohner oder K\u00e4ufer \u2013 seine eigenen W\u00fcnsche und Interessen als Erstes ber\u00fccksichtigt wissen. Wir bringen Menschen und ihre Ideen zusammen. Denn Dialogbereitschaft und Dialogf\u00e4higkeit sind zwei Eigenschaften, die die PS Projekt Sachwert GmbH besonders auszeichnen.<br \/>\nUnser Verst\u00e4ndnis von Projektentwicklung ist es nicht, die beste L\u00f6sung schon im Vorfeld zu kennen, sondern diese in einem transparenten und partnerschaftlichen Prozess gemeinsam mit Ihnen zu entwickeln. Auf diese Weise entstehen Projekte mit breiter Akzeptanz und damit langfristigem Erfolg.<\/p><\/section>\n<p><!-- this is the text block with bullets --><\/p>\n<p>&nbsp;<\/p>\n","protected":false},"excerpt":{"rendered":"<p>&nbsp;<\/p>\n","protected":false},"author":3,"featured_media":0,"parent":0,"menu_order":0,"comment_status":"open","ping_status":"open","template":"full-width.php","meta":[],"_links":{"self":[{"href":"https:\/\/ps-projektsachwert.de\/index.php?rest_route=\/wp\/v2\/pages\/9"}],"collection":[{"href":"https:\/\/ps-projektsachwert.de\/index.php?rest_route=\/wp\/v2\/pages"}],"about":[{"href":"https:\/\/ps-projektsachwert.de\/index.php?rest_route=\/wp\/v2\/types\/page"}],"author":[{"embeddable":true,"href":"https:\/\/ps-projektsachwert.de\/index.php?rest_route=\/wp\/v2\/users\/3"}],"replies":[{"embeddable":true,"href":"https:\/\/ps-projektsachwert.de\/index.php?rest_route=%2Fwp%2Fv2%2Fcomments&post=9"}],"version-history":[{"count":22,"href":"https:\/\/ps-projektsachwert.de\/index.php?rest_route=\/wp\/v2\/pages\/9\/revisions"}],"predecessor-version":[{"id":66,"href":"https:\/\/ps-projektsachwert.de\/index.php?rest_route=\/wp\/v2\/pages\/9\/revisions\/66"}],"wp:attachment":[{"href":"https:\/\/ps-projektsachwert.de\/index.php?rest_route=%2Fwp%2Fv2%2Fmedia&parent=9"}],"curies":[{"name":"wp","href":"https:\/\/api.w.org\/{rel}","templated":true}]}}